{"id":230,"date":"2022-10-05T14:06:36","date_gmt":"2022-10-05T17:06:36","guid":{"rendered":"https:\/\/mirar.med.br\/?page_id=230"},"modified":"2022-10-05T14:20:49","modified_gmt":"2022-10-05T17:20:49","slug":"230-2","status":"publish","type":"page","link":"https:\/\/mirar.med.br\/","title":{"rendered":""},"content":{"rendered":"\n<p>Especializado nas demandas oftalmol\u00f3gicas, o Mirar \u00e9 um hospital moderno, amplo, com conforto e tecnologia de ponta para atender os M\u00e9dicos e pacientes em todas as suas necessidades.<\/p>\n\n\n\n<p>Oferecemos o Day Hospital para realizar todos os tipos de cirurgias oftalmol\u00f3gicas, credenciados aos principais planos de sa\u00fade. Nosso Centro de Diagn\u00f3stico e Centro Cir\u00fargico disp\u00f5em de equipamentos de alta performance que, aliados \u00e0 equipes altamente qualificada, \u00e9 capaz de oferecer a melhor jornada em sa\u00fade oftalmol\u00f3gica para os M\u00e9dicos e pacientes.<\/p>\n\n\n<style>#jtg-114 .modula-item .jtg-social a, .lightbox-socials.jtg-social a{ color: #ffffff }#jtg-114 .modula-item .jtg-social svg, .lightbox-socials.jtg-social svg { height: 16px; width: 16px }#jtg-114 .modula-item .jtg-social a:not(:last-child), .lightbox-socials.jtg-social a:not(:last-child) { margin-right: 10px }#jtg-114 .modula-item .figc {color:#ffffff;}#jtg-114.modula-loaded-scale .modula-item .modula-item-content { animation:modulaScaling 1s;transition:0.5s all;opacity: 1; }@keyframes modulaScaling { 0% {transform:scale(1)} 50%{transform: scale(1)}100%{transform:scale(1)}}#jtg-114 { width:100%;}#jtg-114 .modula-items{height:200px;}@media screen and (max-width: 992px) {#jtg-114 .modula-items{height:200px;}}@media screen and (max-width: 768px) {#jtg-114 .modula-items{height:200px;}}#jtg-114 .modula-items .figc p.description { font-size:14px; }#jtg-114 .modula-items .figc p.description { color:#ffffff;}#jtg-114.modula-gallery .modula-item > a, #jtg-114.modula-gallery .modula-item, #jtg-114.modula-gallery .modula-item-content > a:not(.modula-no-follow) { cursor:pointer; } #jtg-114.modula-gallery .modula-item-content .modula-no-follow { cursor: default; } @media screen and (max-width:480px){#jtg-114 .modula-item .figc .jtg-title {  font-size: 12px; }#jtg-114 .modula-items .figc p.description { color:#ffffff;font-size:10px; }}#jtg-114 .modula-items .modula-item:hover img{opacity:1;}<\/style>\n<!-- Gallery Container -->\r\n<div  id=\"jtg-114\" class=\"modula modula-gallery modula-creative-gallery\" data-config=\"{&quot;height&quot;:200,&quot;tabletHeight&quot;:200,&quot;mobileHeight&quot;:200,&quot;desktopHeight&quot;:200,&quot;enableTwitter&quot;:false,&quot;enableWhatsapp&quot;:false,&quot;enableFacebook&quot;:false,&quot;enablePinterest&quot;:false,&quot;enableLinkedin&quot;:false,&quot;enableEmail&quot;:false,&quot;randomFactor&quot;:0,&quot;type&quot;:&quot;creative-gallery&quot;,&quot;columns&quot;:12,&quot;gutter&quot;:2,&quot;mobileGutter&quot;:2,&quot;tabletGutter&quot;:2,&quot;desktopGutter&quot;:2,&quot;enableResponsive&quot;:&quot;1&quot;,&quot;tabletColumns&quot;:&quot;4&quot;,&quot;mobileColumns&quot;:&quot;4&quot;,&quot;lazyLoad&quot;:&quot;1&quot;,&quot;lightboxOpts&quot;:{&quot;loop&quot;:false,&quot;arrows&quot;:true,&quot;toolbar&quot;:true,&quot;keyboard&quot;:false,&quot;wheel&quot;:false,&quot;buttons&quot;:[&quot;close&quot;],&quot;hash&quot;:false,&quot;lang&quot;:&quot;en&quot;,&quot;touch&quot;:false,&quot;protect&quot;:false,&quot;i18n&quot;:{&quot;en&quot;:{&quot;CLOSE&quot;:&quot;Close&quot;,&quot;NEXT&quot;:&quot;Next&quot;,&quot;PREV&quot;:&quot;Previous&quot;,&quot;Error&quot;:&quot;The requested content cannot be loaded. Please try again later.&quot;,&quot;PLAY_START&quot;:&quot;Start slideshow&quot;,&quot;PLAY_STOP&quot;:&quot;Pause slideshow&quot;,&quot;FULL_SCREEN&quot;:&quot;Full screen&quot;,&quot;THUMBS&quot;:&quot;Thumbnails&quot;,&quot;DOWNLOAD&quot;:&quot;Download&quot;,&quot;SHARE&quot;:&quot;Share&quot;,&quot;ZOOM&quot;:&quot;Zoom&quot;}},&quot;clickSlide&quot;:false,&quot;clickOutside&quot;:false,&quot;dblclickContent&quot;:false,&quot;dblclickSlide&quot;:false,&quot;dblclickOutside&quot;:false,&quot;clickContent&quot;:false,&quot;baseTpl&quot;:&quot;&lt;div class=\\&quot;modula-fancybox-container modula-lightbox-jtg-114\\&quot; role=\\&quot;dialog\\&quot; tabindex=\\&quot;-1\\&quot;&gt;&lt;div class=\\&quot;modula-fancybox-bg\\&quot;&gt;&lt;\\\/div&gt;&lt;div class=\\&quot;modula-fancybox-inner\\&quot;&gt;&lt;div class=\\&quot;modula-fancybox-infobar\\&quot;&gt;&lt;span data-fancybox-index&gt;&lt;\\\/span&gt;&nbsp;\\\/&nbsp;&lt;span data-fancybox-count&gt;&lt;\\\/span&gt;&lt;\\\/div&gt;&lt;div class=\\&quot;modula-fancybox-toolbar\\&quot;&gt;{{buttons}}&lt;\\\/div&gt;&lt;div class=\\&quot;modula-fancybox-navigation\\&quot;&gt;{{arrows}}&lt;\\\/div&gt;&lt;div class=\\&quot;modula-fancybox-stage\\&quot;&gt;&lt;\\\/div&gt;&lt;div class=\\&quot;modula-fancybox-caption\\&quot;&gt;&lt;div class=\\&quot;modula-fancybox-caption__body\\&quot;&gt;&lt;\\\/div&gt;&lt;\\\/div&gt;&lt;\\\/div&gt;&lt;\\\/div&gt;&quot;},&quot;inView&quot;:true,&quot;email_subject&quot;:&quot;Check out this awesome image !!&quot;,&quot;email_message&quot;:&quot;Here is the link to the image : %%image_link%% and this is the link to the gallery : %%gallery_link%%&quot;,&quot;lightbox&quot;:&quot;no-link&quot;}\">\r\n\r\n\t\r\n\t<!-- Items Container -->\r\n\t<div  class=\"modula-items\">\r\n\t\t<div class=\"modula-item\" >\r\n\t<div class=\"modula-item-content\">\r\n\t\t\r\n\t\t\r\n\t\t<img class=\"pic wp-image-115 lazyload\"  data-valign=\"middle\" data-halign=\"center\" alt=\"\" data-full=\"http:\/\/mirar.med.br\/wp-content\/uploads\/2022\/09\/IMG_9354.jpg\" title=\"IMG_9354\" width=\"200\" height=\"150\" data-src=\"https:\/\/mirar.med.br\/wp-content\/uploads\/2022\/09\/IMG_9354-200x150.jpg\" data-caption=\"\" data-source=\"modula\" data-srcset=\"https:\/\/mirar.med.br\/wp-content\/uploads\/2022\/09\/IMG_9354-200x150.jpg 200w, https:\/\/mirar.med.br\/wp-content\/uploads\/2022\/09\/IMG_9354-300x225.jpg 300w, https:\/\/mirar.med.br\/wp-content\/uploads\/2022\/09\/IMG_9354-768x576.jpg 768w, https:\/\/mirar.med.br\/wp-content\/uploads\/2022\/09\/IMG_9354-155x116.jpg 155w, https:\/\/mirar.med.br\/wp-content\/uploads\/2022\/09\/IMG_9354.jpg 1024w\" data-sizes=\"(max-width: 200px) 100vw, 200px\" \/>\r\n\t<\/div>\r\n\r\n<\/div><div class=\"modula-item\" >\r\n\t<div class=\"modula-item-content\">\r\n\t\t\r\n\t\t\r\n\t\t<img class=\"pic wp-image-123 lazyload\"  data-valign=\"middle\" data-halign=\"center\" alt=\"\" data-full=\"http:\/\/mirar.med.br\/wp-content\/uploads\/2022\/09\/IMG_9384.jpg\" title=\"IMG_9384\" width=\"200\" height=\"150\" data-src=\"https:\/\/mirar.med.br\/wp-content\/uploads\/2022\/09\/IMG_9384-200x150.jpg\" data-caption=\"\" data-source=\"modula\" data-srcset=\"https:\/\/mirar.med.br\/wp-content\/uploads\/2022\/09\/IMG_9384-200x150.jpg 200w, https:\/\/mirar.med.br\/wp-content\/uploads\/2022\/09\/IMG_9384-300x225.jpg 300w, https:\/\/mirar.med.br\/wp-content\/uploads\/2022\/09\/IMG_9384-768x576.jpg 768w, https:\/\/mirar.med.br\/wp-content\/uploads\/2022\/09\/IMG_9384-155x116.jpg 155w, https:\/\/mirar.med.br\/wp-content\/uploads\/2022\/09\/IMG_9384.jpg 1024w\" data-sizes=\"(max-width: 200px) 100vw, 200px\" \/>\r\n\t<\/div>\r\n\r\n<\/div><div class=\"modula-item\" >\r\n\t<div class=\"modula-item-content\">\r\n\t\t\r\n\t\t\r\n\t\t<img class=\"pic wp-image-116 lazyload\"  data-valign=\"middle\" data-halign=\"center\" alt=\"\" data-full=\"http:\/\/mirar.med.br\/wp-content\/uploads\/2022\/09\/IMG_9356.jpg\" title=\"IMG_9356\" width=\"200\" height=\"150\" data-src=\"https:\/\/mirar.med.br\/wp-content\/uploads\/2022\/09\/IMG_9356-200x150.jpg\" data-caption=\"\" data-source=\"modula\" data-srcset=\"https:\/\/mirar.med.br\/wp-content\/uploads\/2022\/09\/IMG_9356-200x150.jpg 200w, https:\/\/mirar.med.br\/wp-content\/uploads\/2022\/09\/IMG_9356-300x225.jpg 300w, https:\/\/mirar.med.br\/wp-content\/uploads\/2022\/09\/IMG_9356-768x576.jpg 768w, https:\/\/mirar.med.br\/wp-content\/uploads\/2022\/09\/IMG_9356-155x116.jpg 155w, https:\/\/mirar.med.br\/wp-content\/uploads\/2022\/09\/IMG_9356.jpg 1024w\" data-sizes=\"(max-width: 200px) 100vw, 200px\" \/>\r\n\t<\/div>\r\n\r\n<\/div><div class=\"modula-item\" >\r\n\t<div class=\"modula-item-content\">\r\n\t\t\r\n\t\t\r\n\t\t<img class=\"pic wp-image-118 lazyload\"  data-valign=\"middle\" data-halign=\"center\" alt=\"\" data-full=\"http:\/\/mirar.med.br\/wp-content\/uploads\/2022\/09\/IMG_9374.jpg\" title=\"IMG_9374\" width=\"200\" height=\"150\" data-src=\"https:\/\/mirar.med.br\/wp-content\/uploads\/2022\/09\/IMG_9374-200x150.jpg\" data-caption=\"\" data-source=\"modula\" data-srcset=\"https:\/\/mirar.med.br\/wp-content\/uploads\/2022\/09\/IMG_9374-200x150.jpg 200w, https:\/\/mirar.med.br\/wp-content\/uploads\/2022\/09\/IMG_9374-300x225.jpg 300w, https:\/\/mirar.med.br\/wp-content\/uploads\/2022\/09\/IMG_9374-768x576.jpg 768w, https:\/\/mirar.med.br\/wp-content\/uploads\/2022\/09\/IMG_9374-155x116.jpg 155w, https:\/\/mirar.med.br\/wp-content\/uploads\/2022\/09\/IMG_9374.jpg 1024w\" data-sizes=\"(max-width: 200px) 100vw, 200px\" \/>\r\n\t<\/div>\r\n\r\n<\/div><div class=\"modula-item\" >\r\n\t<div class=\"modula-item-content\">\r\n\t\t\r\n\t\t\r\n\t\t<img class=\"pic wp-image-119 lazyload\"  data-valign=\"middle\" data-halign=\"center\" alt=\"\" data-full=\"http:\/\/mirar.med.br\/wp-content\/uploads\/2022\/09\/IMG_9376.jpg\" title=\"IMG_9376\" width=\"200\" height=\"150\" data-src=\"https:\/\/mirar.med.br\/wp-content\/uploads\/2022\/09\/IMG_9376-200x150.jpg\" data-caption=\"\" data-source=\"modula\" data-srcset=\"https:\/\/mirar.med.br\/wp-content\/uploads\/2022\/09\/IMG_9376-200x150.jpg 200w, https:\/\/mirar.med.br\/wp-content\/uploads\/2022\/09\/IMG_9376-300x225.jpg 300w, https:\/\/mirar.med.br\/wp-content\/uploads\/2022\/09\/IMG_9376-768x576.jpg 768w, https:\/\/mirar.med.br\/wp-content\/uploads\/2022\/09\/IMG_9376-155x116.jpg 155w, https:\/\/mirar.med.br\/wp-content\/uploads\/2022\/09\/IMG_9376.jpg 1024w\" data-sizes=\"(max-width: 200px) 100vw, 200px\" \/>\r\n\t<\/div>\r\n\r\n<\/div><div class=\"modula-item\" >\r\n\t<div class=\"modula-item-content\">\r\n\t\t\r\n\t\t\r\n\t\t<img class=\"pic wp-image-122 lazyload\"  data-valign=\"middle\" data-halign=\"center\" alt=\"\" data-full=\"http:\/\/mirar.med.br\/wp-content\/uploads\/2022\/09\/Centro-Cirurgico-26.jpg\" title=\"Centro Cir\u00fargico-26\" width=\"200\" height=\"133\" data-src=\"https:\/\/mirar.med.br\/wp-content\/uploads\/2022\/09\/Centro-Cirurgico-26-200x133.jpg\" data-caption=\"\" data-source=\"modula\" data-srcset=\"https:\/\/mirar.med.br\/wp-content\/uploads\/2022\/09\/Centro-Cirurgico-26-200x133.jpg 200w, https:\/\/mirar.med.br\/wp-content\/uploads\/2022\/09\/Centro-Cirurgico-26-300x200.jpg 300w, https:\/\/mirar.med.br\/wp-content\/uploads\/2022\/09\/Centro-Cirurgico-26-768x512.jpg 768w, https:\/\/mirar.med.br\/wp-content\/uploads\/2022\/09\/Centro-Cirurgico-26-174x116.jpg 174w, https:\/\/mirar.med.br\/wp-content\/uploads\/2022\/09\/Centro-Cirurgico-26.jpg 1024w\" data-sizes=\"(max-width: 200px) 100vw, 200px\" \/>\r\n\t<\/div>\r\n\r\n<\/div><div class=\"modula-item\" >\r\n\t<div class=\"modula-item-content\">\r\n\t\t\r\n\t\t\r\n\t\t<img class=\"pic wp-image-117 lazyload\"  data-valign=\"middle\" data-halign=\"center\" alt=\"\" data-full=\"http:\/\/mirar.med.br\/wp-content\/uploads\/2022\/09\/IMG_9364.jpg\" title=\"IMG_9364\" width=\"200\" height=\"150\" data-src=\"https:\/\/mirar.med.br\/wp-content\/uploads\/2022\/09\/IMG_9364-200x150.jpg\" data-caption=\"\" data-source=\"modula\" data-srcset=\"https:\/\/mirar.med.br\/wp-content\/uploads\/2022\/09\/IMG_9364-200x150.jpg 200w, https:\/\/mirar.med.br\/wp-content\/uploads\/2022\/09\/IMG_9364-300x225.jpg 300w, https:\/\/mirar.med.br\/wp-content\/uploads\/2022\/09\/IMG_9364-768x576.jpg 768w, https:\/\/mirar.med.br\/wp-content\/uploads\/2022\/09\/IMG_9364-155x116.jpg 155w, https:\/\/mirar.med.br\/wp-content\/uploads\/2022\/09\/IMG_9364.jpg 1024w\" data-sizes=\"(max-width: 200px) 100vw, 200px\" \/>\r\n\t<\/div>\r\n\r\n<\/div><div class=\"modula-item\" >\r\n\t<div class=\"modula-item-content\">\r\n\t\t\r\n\t\t\r\n\t\t<img class=\"pic wp-image-124 lazyload\"  data-valign=\"middle\" data-halign=\"center\" alt=\"\" data-full=\"http:\/\/mirar.med.br\/wp-content\/uploads\/2022\/09\/Centro-Cirurgico-8.jpg\" title=\"Centro Cir\u00fargico-8\" width=\"200\" height=\"133\" data-src=\"https:\/\/mirar.med.br\/wp-content\/uploads\/2022\/09\/Centro-Cirurgico-8-200x133.jpg\" data-caption=\"\" data-source=\"modula\" data-srcset=\"https:\/\/mirar.med.br\/wp-content\/uploads\/2022\/09\/Centro-Cirurgico-8-200x133.jpg 200w, https:\/\/mirar.med.br\/wp-content\/uploads\/2022\/09\/Centro-Cirurgico-8-300x200.jpg 300w, https:\/\/mirar.med.br\/wp-content\/uploads\/2022\/09\/Centro-Cirurgico-8-768x512.jpg 768w, https:\/\/mirar.med.br\/wp-content\/uploads\/2022\/09\/Centro-Cirurgico-8-174x116.jpg 174w, https:\/\/mirar.med.br\/wp-content\/uploads\/2022\/09\/Centro-Cirurgico-8.jpg 1024w\" data-sizes=\"(max-width: 200px) 100vw, 200px\" \/>\r\n\t<\/div>\r\n\r\n<\/div>\t\t\r\n\t<\/div>\r\n\r\n\t\r\n\t\r\n\t<script type=\"application\/ld+json\">\r\n\t{\r\n\t\t\"@context\": \"http:\/\/schema.org\",\r\n\t\t\"@type\"   : \"ImageGallery\",\r\n\t\t\"id\"      : \"https:\/\/mirar.med.br\/wp-json\/wp\/v2\/pages\/230\",\r\n\t\t\"url\"     : \"https:\/\/mirar.med.br\/wp-json\/wp\/v2\/pages\/230\"\r\n\t}\r\n\r\n    <\/script>\r\n\r\n\t\r\n<\/div>\n","protected":false},"excerpt":{"rendered":"<p>Especializado nas demandas oftalmol\u00f3gicas, o Mirar \u00e9 um hospital moderno, amplo, com conforto e tecnologia de ponta para atender os M\u00e9dicos e pacientes em todas as suas necessidades. Oferecemos o Day Hospital para realizar todos os tipos de cirurgias oftalmol\u00f3gicas, credenciados aos principais planos de sa\u00fade. Nosso Centro de Diagn\u00f3stico e Centro Cir\u00fargico disp\u00f5em de [&hellip;]<\/p>\n","protected":false},"author":1,"featured_media":0,"parent":0,"menu_order":0,"comment_status":"closed","ping_status":"closed","template":"","meta":{"_monsterinsights_skip_tracking":false,"_monsterinsights_sitenote_active":false,"_monsterinsights_sitenote_note":"","_monsterinsights_sitenote_category":0,"footnotes":""},"aioseo_notices":[],"_links":{"self":[{"href":"https:\/\/mirar.med.br\/index.php\/wp-json\/wp\/v2\/pages\/230"}],"collection":[{"href":"https:\/\/mirar.med.br\/index.php\/wp-json\/wp\/v2\/pages"}],"about":[{"href":"https:\/\/mirar.med.br\/index.php\/wp-json\/wp\/v2\/types\/page"}],"author":[{"embeddable":true,"href":"https:\/\/mirar.med.br\/index.php\/wp-json\/wp\/v2\/users\/1"}],"replies":[{"embeddable":true,"href":"https:\/\/mirar.med.br\/index.php\/wp-json\/wp\/v2\/comments?post=230"}],"version-history":[{"count":10,"href":"https:\/\/mirar.med.br\/index.php\/wp-json\/wp\/v2\/pages\/230\/revisions"}],"predecessor-version":[{"id":245,"href":"https:\/\/mirar.med.br\/index.php\/wp-json\/wp\/v2\/pages\/230\/revisions\/245"}],"wp:attachment":[{"href":"https:\/\/mirar.med.br\/index.php\/wp-json\/wp\/v2\/media?parent=230"}],"curies":[{"name":"wp","href":"https:\/\/api.w.org\/{rel}","templated":true}]}}