{"id":140,"date":"2022-09-19T14:17:29","date_gmt":"2022-09-19T17:17:29","guid":{"rendered":"https:\/\/mirar.med.br\/?page_id=140"},"modified":"2022-09-19T14:29:32","modified_gmt":"2022-09-19T17:29:32","slug":"exames","status":"publish","type":"page","link":"https:\/\/mirar.med.br\/index.php\/exames\/","title":{"rendered":"Exames"},"content":{"rendered":"\n<p id=\"OCTAT\"><strong>OCT Angiography Technology<\/strong><\/p>\n\n\n\n<p>O Mirar disponibiliza a mais avan\u00e7ada tecnologia para avalia\u00e7\u00e3o vascular retiniana e coroidea, sem a necessidade de inje\u00e7\u00e3o endovenosa de contraste.<\/p>\n\n\n\n<p>A tomografia tem capacidade de diagnosticar les\u00f5es neovasculares iniciais, que, muitas vezes, n\u00e3o aparecem na Angiografia Fluoresce\u00ednica.<\/p>\n\n\n\n<p id=\"OCT\"><strong>OCT (Tomografia de Coer\u00eancia \u00d3ptica)<\/strong><\/p>\n\n\n\n<p>O OCT, tamb\u00e9m conhecido como tomografia de coer\u00eancia \u00f3ptica, \u00e9 um dos mais modernos exames dispon\u00edveis na \u00e1rea da oftalmologia, que revolucionou a \u00e1rea de tratamento \u00f3ptico.<\/p>\n\n\n\n<p>O exame avalia a estrutura estratificada da retina e da coroide, sendo essencial para a avalia\u00e7\u00e3o e o acompanhamento da maioria das doen\u00e7as da retina. Tamb\u00e9m avalia a anatomia da retina com scanner de laser, sem radia\u00e7\u00e3o com raio X e sem contato com o olho, o que apresenta total conforto e seguran\u00e7a para o paciente.<\/p>\n\n\n\n<p>Pode-se correlacionar com a angiografia, indocianina verde e retinografia.<\/p>\n\n\n\n<p>Doen\u00e7as Relacionadas:<\/p>\n\n\n\n<p>Degenera\u00e7\u00e3o de M\u00e1cula (diagn\u00f3stico e acompanhamento)<br>Distrofias retinianas<br>Buraco de m\u00e1cula<br>Membrana epirretiniana<br>Retinopatia diab\u00e9tica<br>P\u00f3s e pr\u00e9-Operat\u00f3rio de Catarata.<br>T\u00e9cnica: N\u00e3o h\u00e1 contato com o olho do paciente.<br>Permite identificar precisamente as altera\u00e7\u00f5es sub\/intra\/epirretinianas.<br>Exame reprodut\u00edvel e simples de ser feito.<br>Possibilita acompanhamento seriado (evolutivo).<\/p>\n\n\n\n<p id=\"ANGIO\"><strong>Angiografia Digital com Fluoresce\u00edna<\/strong><\/p>\n\n\n\n<p>A angiografia fluoresce\u00ednica digital computadorizada \u00e9 um exame fundamental no diagn\u00f3stico de doen\u00e7as circulat\u00f3rias do tecido retiniano. Necessita ter aplica\u00e7\u00e3o endovenosa de fluoresce\u00edna s\u00f3dica.<\/p>\n\n\n\n<p>No Mirar, este exame \u00e9 feito pelo equipamento de alta performance HRA-Heidelberg.<\/p>\n\n\n\n<p id=\"ANGIOVERDE\"><strong>Angiografia Digital com Indocianina Verde<\/strong><\/p>\n\n\n\n<p>Neste exame, s\u00e3o realizadas fotografias com filtro infravermelho logo ap\u00f3s a administra\u00e7\u00e3o endovenosa do corante (indocianina verde), com distintas etapas para an\u00e1lise das imagens.<\/p>\n\n\n\n<p>\u00c9 indicado para diagnosticar poss\u00edveis altera\u00e7\u00f5es no fundo do olho e orienta\u00e7\u00e3o para futuros tratamentos e permite a detalhada avalia\u00e7\u00e3o circulat\u00f3ria coroidea, podendo complementar a angiografia fluoresce\u00ednica. Tamb\u00e9m \u00e9 indicado para diagnosticar doen\u00e7as coriorretinianas com maior complexidade diagn\u00f3stica.<\/p>\n\n\n\n<p>Aplica\u00e7\u00f5es cl\u00ednicas da angiografia digital:<\/p>\n\n\n\n<p>Degenera\u00e7\u00e3o macular<br>Membranas neovasculares subretinianas ocultas ou cl\u00e1ssicas<br>Coriorretinopatia serosa central.<\/p>\n\n\n\n<p>Autofluoresc\u00eancia ou Retinografia Autofluorescente<\/p>\n\n\n\n<p>\u00c9 a mais avan\u00e7ada tecnologia n\u00e3o invasiva para avaliar o metabolismo da retina. Atualmente, \u00e9 o principal exame utilizado para diagn\u00f3stico de doen\u00e7as gen\u00e9ticas e heredit\u00e1rias da retina, assim como para diagnosticar e acompanhar pacientes portadores de degenera\u00e7\u00e3o macular relacionada \u00e0 idade (forma seca), que apresentam drusas e atrofias do epit\u00e9lio pigmentado. Revela altera\u00e7\u00f5es anat\u00f4micas no epit\u00e9lio pigmentado da retina.<\/p>\n\n\n\n<p>T\u00e9cnica: N\u00e3o h\u00e1 contato com o olho do paciente.<\/p>\n\n\n\n<p id=\"ECO\"><strong>Ecografia \/ Ultrassonografia<br><\/strong>A ultrassonografia \u00e9 um exame muito utilizado para avalia\u00e7\u00e3o das estruturas internas do globo ocular, como, por exemplo, o cristalino, a cavidade v\u00edtrea e a retina; e cavidade orbit\u00e1ria, como, por exemplo, os m\u00fasculos, o nervo \u00f3ptico e a gordura orbit\u00e1ria.<\/p>\n\n\n\n<p>\u00c9 indicado para:<\/p>\n\n\n\n<p>Descolamento de retina<br>Diabetes<br>Tumores intra e extraoculares<br>Opacidade v\u00edtrea, catarata e opacidade corneana.<br>T\u00e9cnica: H\u00e1 contato com o olho do paciente.<\/p>\n\n\n\n<p id=\"RETINOGRAFIA\"><strong>Retinografia<br><\/strong>A Retinografia \u00e9 utilizada para documenta\u00e7\u00e3o fotogr\u00e1fica, muito \u00fatil na avalia\u00e7\u00e3o prospectiva dos pacientes, especialmente nos casos de diabetes e glaucoma. \u00c9 indicado em todas as doen\u00e7as que afetam o \u201cfundo do olho\u201d.<\/p>\n\n\n\n<p>O Mirar oferece o moderno aparelho HRA-Heidelberg, que faz captura a laser de imagens retinianas, n\u00e3o tendo contato com o olho do paciente.<\/p>\n\n\n\n<p>Campimetria Computadorizada<br>Diagnostica os defeitos do campo visual e escotomas causados por algumas patologias neurol\u00f3gicas ou oculares.<\/p>\n\n\n\n<p>Aplica\u00e7\u00e3o Cl\u00ednica:<\/p>\n\n\n\n<p>Glaucoma<br>Endocrinopatias<br>Maculopatias<br>Usu\u00e1rios de medicamentos (cloroquina e seus derivados)<br>Neuropatias.<br>T\u00e9cnica: N\u00e3o h\u00e1 contato com o olho do paciente.<\/p>\n\n\n\n<p id=\"BIOMETRIA\"><strong>Biometria<br><\/strong>O exame de biometria \u00e9 indicado para medir as estruturas oculares e \u00e9 de uso obrigat\u00f3rio para c\u00e1lculo da lente intraocular (LIO), que substituir\u00e1 o cristalino na facectomia (cirurgia de catarata). A biometria \u00e9 feita com o bi\u00f4metro IOL Master, o qual utiliza recursos de interferometria e \u00e9 aprovado pelo FDA. \u00c9 considerada a mais precisa poss\u00edvel, pois dela depende a escolha do grau da lente a ser implantada.<\/p>\n\n\n\n<p>T\u00e9cnica: N\u00e3o h\u00e1 contato com o olho do paciente.<\/p>\n\n\n\n<p id=\"PAQUIMETRIA\"><strong>Paquimetria Ultrass\u00f4nica<br><\/strong>Consiste em um exame que mede com exatid\u00e3o a espessura da c\u00f3rnea.<\/p>\n\n\n\n<p>Aplica\u00e7\u00e3o Cl\u00ednica:<\/p>\n\n\n\n<p>Avalia a evolu\u00e7\u00e3o da espessura corneana em doen\u00e7as de c\u00f3rnea.<br>Acompanhamento pr\u00e9 e p\u00f3s-cir\u00fargico.<br>Planejamento de cirurgias refrativas (miopia, hipermetropia e astigmatismo).<br>Avalia\u00e7\u00e3o de altera\u00e7\u00f5es da espessura corneana causadas por distrofias, uso de lentes de contato.<br>Traumas por cirurgias intraoculares e refrativas.<\/p>\n\n\n\n<p id=\"MICROSCOPIA\"><strong>Microscopia Especular<br><\/strong>A microscopia especular da c\u00f3rnea \u00e9 um exame atrav\u00e9s do qual se analisam as c\u00e9lulas do endot\u00e9lio corneano. \u00c9 realizada sempre que h\u00e1 suspeita de altera\u00e7\u00e3o do endot\u00e9lio corneano e tamb\u00e9m no pr\u00e9-operat\u00f3rio de cirurgia de catarata.<\/p>\n\n\n\n<p>A c\u00f3rnea \u00e9 uma estrutura \u00fanica. Sua transpar\u00eancia \u00e9 fundamental para que a luz dos objetos chegue \u00e0 retina. O endot\u00e9lio \u00e9 uma camada de c\u00e9lulas que reveste a superf\u00edcie interna da c\u00f3rnea, respons\u00e1vel pela sua integridade e transpar\u00eancia. Qualquer dano a essas c\u00e9lulas \u00e9 geralmente irrevers\u00edvel, podendo levar a comprometimento visual severo.<\/p>\n\n\n\n<p>O Microsc\u00f3pio Especular de n\u00e3o contato, autom\u00e1tico, faz a contagem de c\u00e9lulas endoteliais e a an\u00e1lise quantitativa e qualitativa do endot\u00e9lio.<\/p>\n\n\n\n<p id=\"SUBNORMAL\"><strong>Teste de Vis\u00e3o Subnormal<br><\/strong>Vis\u00e3o Subnormal \u00e9 uma baixa visual secund\u00e1ria a doen\u00e7as oculares que n\u00e3o podem ser corrigidas por tratamento cl\u00ednico ou cir\u00fargico, nem com \u00f3culos convencionais; ou quando todas as medidas j\u00e1 foram tomadas e, mesmo assim, permanece a baixa irrevers\u00edvel da vis\u00e3o.<\/p>\n\n\n\n<p>Os pacientes (adultos e crian\u00e7as) com baixa vis\u00e3o n\u00e3o s\u00e3o cegos, mas t\u00eam dificuldade visual, portanto, suas habilidades para efetuar as tarefas di\u00e1rias, como ler, escrever, assistir \u00e0 televis\u00e3o, reconhecer pessoas, costurar, bordar, jogar cartas, reconhecer moedas e dinheiro, etc, ficam prejudicadas.<\/p>\n\n\n\n<p>Com o intuito de melhorar o desempenho visual desses pacientes, realiza-se o Teste de Vis\u00e3o Subnormal, exame feito no consult\u00f3rio pelo m\u00e9dico oftalmologista.<\/p>\n\n\n\n<p>Os aux\u00edlios \u00f3pticos s\u00e3o apresentados aos pacientes de v\u00e1rias formas, como o uso de \u00f3culos especial com lentes de grande aumento, lupas, bin\u00f3culos, etc.<\/p>\n\n\n\n<p>Para que ocorra o sucesso no exame e na prescri\u00e7\u00e3o do aux\u00edlio, \u00e9 importante a realiza\u00e7\u00e3o de uma longa conversa com o paciente e familiares, procurando identificar as dificuldades e limita\u00e7\u00f5es causadas pela baixa vis\u00e3o, para que o resultado possa corresponder \u00e0s expectativas do paciente.<\/p>\n\n\n\n<p id=\"VISAODECORES\"><strong>Teste de Vis\u00e3o de Cores<br><\/strong>O teste de cores de Ishihara \u00e9 indicado para a detec\u00e7\u00e3o do daltonismo. O exame consiste na exibi\u00e7\u00e3o de uma s\u00e9rie de cart\u00f5es coloridos, cada um contendo v\u00e1rios c\u00edrculos feitos de cores ligeiramente diferentes das cores daqueles situados nas proximidades. Seguindo o mesmo padr\u00e3o, alguns c\u00edrculos est\u00e3o agrupados no meio do cart\u00e3o de forma a exibir um n\u00famero que somente ser\u00e1 vis\u00edvel pelas pessoas que possu\u00edrem vis\u00e3o normal. O n\u00famero de acertos pode variar conforme o grau e o tipo de daltonismo do paciente.<\/p>\n","protected":false},"excerpt":{"rendered":"<p>OCT Angiography Technology O Mirar disponibiliza a mais avan\u00e7ada tecnologia para avalia\u00e7\u00e3o vascular retiniana e coroidea, sem a necessidade de inje\u00e7\u00e3o endovenosa de contraste. A tomografia tem capacidade de diagnosticar les\u00f5es neovasculares iniciais, que, muitas vezes, n\u00e3o aparecem na Angiografia Fluoresce\u00ednica. OCT (Tomografia de Coer\u00eancia \u00d3ptica) O OCT, tamb\u00e9m conhecido como tomografia de coer\u00eancia \u00f3ptica, [&hellip;]<\/p>\n","protected":false},"author":1,"featured_media":0,"parent":0,"menu_order":0,"comment_status":"closed","ping_status":"closed","template":"","meta":{"_monsterinsights_skip_tracking":false,"_monsterinsights_sitenote_active":false,"_monsterinsights_sitenote_note":"","_monsterinsights_sitenote_category":0,"footnotes":""},"aioseo_notices":[],"_links":{"self":[{"href":"https:\/\/mirar.med.br\/index.php\/wp-json\/wp\/v2\/pages\/140"}],"collection":[{"href":"https:\/\/mirar.med.br\/index.php\/wp-json\/wp\/v2\/pages"}],"about":[{"href":"https:\/\/mirar.med.br\/index.php\/wp-json\/wp\/v2\/types\/page"}],"author":[{"embeddable":true,"href":"https:\/\/mirar.med.br\/index.php\/wp-json\/wp\/v2\/users\/1"}],"replies":[{"embeddable":true,"href":"https:\/\/mirar.med.br\/index.php\/wp-json\/wp\/v2\/comments?post=140"}],"version-history":[{"count":2,"href":"https:\/\/mirar.med.br\/index.php\/wp-json\/wp\/v2\/pages\/140\/revisions"}],"predecessor-version":[{"id":146,"href":"https:\/\/mirar.med.br\/index.php\/wp-json\/wp\/v2\/pages\/140\/revisions\/146"}],"wp:attachment":[{"href":"https:\/\/mirar.med.br\/index.php\/wp-json\/wp\/v2\/media?parent=140"}],"curies":[{"name":"wp","href":"https:\/\/api.w.org\/{rel}","templated":true}]}}